{"id":1866,"date":"2019-09-10T04:31:47","date_gmt":"2019-09-10T02:31:47","guid":{"rendered":"https:\/\/woostify.com\/demos\/megashop\/?post_type=product&#038;p=1866"},"modified":"2021-05-27T05:01:39","modified_gmt":"2021-05-27T03:01:39","slug":"super-clean-javel-12-super-clean-4l-blanc","status":"publish","type":"product","link":"https:\/\/sicomex-groupe.facomci.net\/index.php\/product\/super-clean-javel-12-super-clean-4l-blanc\/","title":{"rendered":"Super Clean Javel 12\u00b0 Super Clean &#8211; 4L &#8211; Blanc"},"content":{"rendered":"<h3><em>D\u00e9couvrez un supermarch\u00e9 comme vous n&#8217;en avez encore jamais vu !!<\/em><\/h3>\n<p>Parce que votre temps vous est pr\u00e9cieux, nous vous offrons le supermarch\u00e9 virtuel le plus complet de la c\u00f4te d&#8217;ivoire, un assortiment large riche et vari\u00e9 pour un shopping agr\u00e9able. O\u00f9 que vous soyez, quoi que vous fassiez, il vous suffit d&#8217;une connexion internet pour visiter nos rayons depuis votre mobile. Venez et d\u00e9couvrez notre s\u00e9lection de produits : Detergents, Petit Dejeuner, Riz c\u00e9r\u00e9ales et pur\u00e9es, Conserve de poissons et l\u00e9gumes sans oublier les confiseries, le chocolat et les p\u00e2tes alimentaires nous vous garantissons les meilleures marques \u00e0 des prix vraiment defiant toute concurrence pour des courses encore plus faciles.<\/p>\n","protected":false},"excerpt":{"rendered":"<ul>\n<li>Type de produit : Javel 12\u00b0 Super Clean<\/li>\n<li>Capacit\u00e9 : 4L<\/li>\n<li>Quantit\u00e9 : 1<br \/>\nles motifs de l&#8217;image peuvent varier en fonction du stock<\/li>\n<\/ul>\n","protected":false},"featured_media":2973,"comment_status":"open","ping_status":"closed","template":"","meta":{"om_disable_all_campaigns":false,"_monsterinsights_skip_tracking":false,"_monsterinsights_sitenote_active":false,"_monsterinsights_sitenote_note":"","_monsterinsights_sitenote_category":0},"class_list":["post-1866","product","type-product","status-publish","has-post-thumbnail","hentry","product_cat-lessive"],"_links":{"self":[{"href":"https:\/\/sicomex-groupe.facomci.net\/index.php\/wp-json\/wp\/v2\/product\/1866","targetHints":{"allow":["GET"]}}],"collection":[{"href":"https:\/\/sicomex-groupe.facomci.net\/index.php\/wp-json\/wp\/v2\/product"}],"about":[{"href":"https:\/\/sicomex-groupe.facomci.net\/index.php\/wp-json\/wp\/v2\/types\/product"}],"replies":[{"embeddable":true,"href":"https:\/\/sicomex-groupe.facomci.net\/index.php\/wp-json\/wp\/v2\/comments?post=1866"}],"wp:featuredmedia":[{"embeddable":true,"href":"https:\/\/sicomex-groupe.facomci.net\/index.php\/wp-json\/wp\/v2\/media\/2973"}],"wp:attachment":[{"href":"https:\/\/sicomex-groupe.facomci.net\/index.php\/wp-json\/wp\/v2\/media?parent=1866"}],"curies":[{"name":"wp","href":"https:\/\/api.w.org\/{rel}","templated":true}]}}