{"id":1865,"date":"2019-09-10T04:24:54","date_gmt":"2019-09-10T04:24:54","guid":{"rendered":"https:\/\/woostify.com\/demos\/megashop\/?post_type=product&#038;p=1865"},"modified":"2021-05-22T18:23:34","modified_gmt":"2021-05-22T16:23:34","slug":"omo-sachet-de-detergent-500-gr","status":"publish","type":"product","link":"https:\/\/sicomex-groupe.facomci.net\/index.php\/product\/omo-sachet-de-detergent-500-gr\/","title":{"rendered":"Omo Sachet De D\u00e9tergent &#8211; 500 Gr"},"content":{"rendered":"<p>Rentrer chez soi et s&#8217;y sentir bien, tels sont les objectifs\u00a0<em><strong>d&#8217;Unilever C\u00f4te d&#8217;Ivoire<\/strong><\/em>. Que vous soyez chez vous, dans votre jardin ou en d\u00e9placement, nous voulons que chaque jour soit une nouvelle source d&#8217;inspiration avec nos produits.<\/p>\n<p>Nos produits sont con\u00e7us pour repondre aux mieux \u00e0 vos besoins les plus extr\u00e8mes.\u00a0<em><strong>d&#8217;Unilever C\u00f4te d&#8217;Ivoire<\/strong><\/em>\u00a0repr\u00e9sente l&#8217;alliance r\u00e9ussie d&#8217;une qualit\u00e9 inou\u00efe et d&#8217;un sens de la responsabilit\u00e9 envers l&#8217;homme et l&#8217;environnement.<br \/>\n<img loading=\"lazy\" decoding=\"async\" class=\"alignnone size-medium wp-image-2963\" src=\"http:\/\/sicomex-groupe.facomci.net\/wp-content\/uploads\/2018\/10\/3f92f30fdabfef589c08694f578d775d-300x115.jpeg\" alt=\"\" width=\"300\" height=\"115\" srcset=\"https:\/\/sicomex-groupe.facomci.net\/wp-content\/uploads\/2018\/10\/3f92f30fdabfef589c08694f578d775d-300x115.jpeg 300w, https:\/\/sicomex-groupe.facomci.net\/wp-content\/uploads\/2018\/10\/3f92f30fdabfef589c08694f578d775d-1024x394.jpeg 1024w, https:\/\/sicomex-groupe.facomci.net\/wp-content\/uploads\/2018\/10\/3f92f30fdabfef589c08694f578d775d-768x295.jpeg 768w, https:\/\/sicomex-groupe.facomci.net\/wp-content\/uploads\/2018\/10\/3f92f30fdabfef589c08694f578d775d-600x231.jpeg 600w, https:\/\/sicomex-groupe.facomci.net\/wp-content\/uploads\/2018\/10\/3f92f30fdabfef589c08694f578d775d.jpeg 1280w\" sizes=\"auto, (max-width: 300px) 100vw, 300px\" \/> <img loading=\"lazy\" decoding=\"async\" class=\"alignnone size-medium wp-image-2967\" src=\"http:\/\/sicomex-groupe.facomci.net\/wp-content\/uploads\/2019\/09\/f3f9ee5c349206f6e1155cf7331c2d61-300x169.jpeg\" alt=\"\" width=\"300\" height=\"169\" srcset=\"https:\/\/sicomex-groupe.facomci.net\/wp-content\/uploads\/2019\/09\/f3f9ee5c349206f6e1155cf7331c2d61-300x169.jpeg 300w, https:\/\/sicomex-groupe.facomci.net\/wp-content\/uploads\/2019\/09\/f3f9ee5c349206f6e1155cf7331c2d61-600x338.jpeg 600w, https:\/\/sicomex-groupe.facomci.net\/wp-content\/uploads\/2019\/09\/f3f9ee5c349206f6e1155cf7331c2d61.jpeg 700w\" sizes=\"auto, (max-width: 300px) 100vw, 300px\" \/><\/p>\n","protected":false},"excerpt":{"rendered":"<ul>\n<li>Type de produit : Sachet de d\u00e9tergent<\/li>\n<li>Capacit\u00e9 : 500 Gr<\/li>\n<li>Senteur : Agr\u00e9able<\/li>\n<li>Particularit\u00e9 \u00e9limine efficacement la salet\u00e9<\/li>\n<li>Format : Poudre<\/li>\n<li>Quantit\u00e9 : 1<\/li>\n<\/ul>\n","protected":false},"featured_media":2966,"comment_status":"open","ping_status":"closed","template":"","meta":{"om_disable_all_campaigns":false,"_monsterinsights_skip_tracking":false,"_monsterinsights_sitenote_active":false,"_monsterinsights_sitenote_note":"","_monsterinsights_sitenote_category":0},"class_list":["post-1865","product","type-product","status-publish","has-post-thumbnail","hentry","product_cat-lessive"],"_links":{"self":[{"href":"https:\/\/sicomex-groupe.facomci.net\/index.php\/wp-json\/wp\/v2\/product\/1865","targetHints":{"allow":["GET"]}}],"collection":[{"href":"https:\/\/sicomex-groupe.facomci.net\/index.php\/wp-json\/wp\/v2\/product"}],"about":[{"href":"https:\/\/sicomex-groupe.facomci.net\/index.php\/wp-json\/wp\/v2\/types\/product"}],"replies":[{"embeddable":true,"href":"https:\/\/sicomex-groupe.facomci.net\/index.php\/wp-json\/wp\/v2\/comments?post=1865"}],"wp:featuredmedia":[{"embeddable":true,"href":"https:\/\/sicomex-groupe.facomci.net\/index.php\/wp-json\/wp\/v2\/media\/2966"}],"wp:attachment":[{"href":"https:\/\/sicomex-groupe.facomci.net\/index.php\/wp-json\/wp\/v2\/media?parent=1865"}],"curies":[{"name":"wp","href":"https:\/\/api.w.org\/{rel}","templated":true}]}}