{"id":1864,"date":"2019-09-10T04:24:02","date_gmt":"2019-09-10T02:24:02","guid":{"rendered":"https:\/\/woostify.com\/demos\/megashop\/?post_type=product&#038;p=1864"},"modified":"2021-05-27T05:01:55","modified_gmt":"2021-05-27T03:01:55","slug":"nil-detergent-lessive-pour-machine-a-laver-2970-kg-multicolore","status":"publish","type":"product","link":"https:\/\/sicomex-groupe.facomci.net\/index.php\/product\/nil-detergent-lessive-pour-machine-a-laver-2970-kg-multicolore\/","title":{"rendered":"Nil D\u00e9tergent Lessive Pour Machine A Laver &#8211; 2,970 Kg &#8211; Multicolore"},"content":{"rendered":"<ul>\n<li>Qui n&#8217;a jamais\u00a0<strong>r\u00eaver<\/strong>\u00a0d&#8217;avoir une lessive propre, sans t\u00e2ches, irr\u00e9prochable avec un parfum agr\u00e9able ?\n<p>Nous vous proposons aujourd&#8217;hui des produits de qualit\u00e9 issus des plus grandes marques pour vos lessives\u00a0quotidiennes : Poudre \u00e0 laver, Savon, D\u00e9tergent, Eau de javel etc.<\/li>\n<\/ul>\n","protected":false},"excerpt":{"rendered":"<ul>\n<li>Type de produit : Lessive Beko Pour Machine<\/li>\n<li>Utilisation : Pour Machine \u00e0 laver<\/li>\n<li>Capacit\u00e9 : 2,970 Kg<\/li>\n<li>Quantit\u00e9 : 1<\/li>\n<\/ul>\n","protected":false},"featured_media":2970,"comment_status":"open","ping_status":"closed","template":"","meta":{"om_disable_all_campaigns":false,"_monsterinsights_skip_tracking":false,"_monsterinsights_sitenote_active":false,"_monsterinsights_sitenote_note":"","_monsterinsights_sitenote_category":0},"class_list":["post-1864","product","type-product","status-publish","has-post-thumbnail","hentry","product_cat-lessive"],"_links":{"self":[{"href":"https:\/\/sicomex-groupe.facomci.net\/index.php\/wp-json\/wp\/v2\/product\/1864","targetHints":{"allow":["GET"]}}],"collection":[{"href":"https:\/\/sicomex-groupe.facomci.net\/index.php\/wp-json\/wp\/v2\/product"}],"about":[{"href":"https:\/\/sicomex-groupe.facomci.net\/index.php\/wp-json\/wp\/v2\/types\/product"}],"replies":[{"embeddable":true,"href":"https:\/\/sicomex-groupe.facomci.net\/index.php\/wp-json\/wp\/v2\/comments?post=1864"}],"wp:featuredmedia":[{"embeddable":true,"href":"https:\/\/sicomex-groupe.facomci.net\/index.php\/wp-json\/wp\/v2\/media\/2970"}],"wp:attachment":[{"href":"https:\/\/sicomex-groupe.facomci.net\/index.php\/wp-json\/wp\/v2\/media?parent=1864"}],"curies":[{"name":"wp","href":"https:\/\/api.w.org\/{rel}","templated":true}]}}