{"id":1862,"date":"2019-09-10T04:22:05","date_gmt":"2019-09-10T02:22:05","guid":{"rendered":"https:\/\/woostify.com\/demos\/megashop\/?post_type=product&#038;p=1862"},"modified":"2021-05-27T05:09:13","modified_gmt":"2021-05-27T03:09:13","slug":"adidas-gel-douche-250-ml-ice-dive-multicolore","status":"publish","type":"product","link":"https:\/\/sicomex-groupe.facomci.net\/index.php\/product\/adidas-gel-douche-250-ml-ice-dive-multicolore\/","title":{"rendered":"Adidas Gel Douche 250 Ml Ice Dive &#8211; Multicolore"},"content":{"rendered":"<p>Rentrer chez soi et s&#8217;y sentir bien, tels sont les objectifs de\u00a0<strong>Gandour<\/strong>. Que vous soyez chez vous, dans votre jardin ou en d\u00e9placement, nous voulons que chaque jour soit une nouvelle source d&#8217;inspiration avec nos produits.<br \/>\nNos produits sont con\u00e7us pour r\u00e9pondre aux mieux \u00e0 vos besoins les plus extr\u00eames. <em><strong>Gandour\u00a0<\/strong><\/em>repr\u00e9sente l&#8217;alliance r\u00e9ussie d&#8217;une qualit\u00e9 inou\u00efe et d&#8217;un sens de la responsabilit\u00e9 envers l&#8217;homme et l&#8217;environnement.<\/p>\n","protected":false},"excerpt":{"rendered":"<ul>\n<li>Type de produit : Soin De Corps<\/li>\n<li>Nom :Gel Douche<\/li>\n<li>Tester Et Approuver<\/li>\n<li>Capacit\u00e9 :250ml<\/li>\n<\/ul>\n","protected":false},"featured_media":2992,"comment_status":"open","ping_status":"closed","template":"","meta":{"om_disable_all_campaigns":false,"_monsterinsights_skip_tracking":false,"_monsterinsights_sitenote_active":false,"_monsterinsights_sitenote_note":"","_monsterinsights_sitenote_category":0},"class_list":["post-1862","product","type-product","status-publish","has-post-thumbnail","hentry","product_cat-beaute-hygiene"],"_links":{"self":[{"href":"https:\/\/sicomex-groupe.facomci.net\/index.php\/wp-json\/wp\/v2\/product\/1862","targetHints":{"allow":["GET"]}}],"collection":[{"href":"https:\/\/sicomex-groupe.facomci.net\/index.php\/wp-json\/wp\/v2\/product"}],"about":[{"href":"https:\/\/sicomex-groupe.facomci.net\/index.php\/wp-json\/wp\/v2\/types\/product"}],"replies":[{"embeddable":true,"href":"https:\/\/sicomex-groupe.facomci.net\/index.php\/wp-json\/wp\/v2\/comments?post=1862"}],"wp:featuredmedia":[{"embeddable":true,"href":"https:\/\/sicomex-groupe.facomci.net\/index.php\/wp-json\/wp\/v2\/media\/2992"}],"wp:attachment":[{"href":"https:\/\/sicomex-groupe.facomci.net\/index.php\/wp-json\/wp\/v2\/media?parent=1862"}],"curies":[{"name":"wp","href":"https:\/\/api.w.org\/{rel}","templated":true}]}}