{"id":1860,"date":"2019-09-10T04:17:06","date_gmt":"2019-09-10T02:17:06","guid":{"rendered":"https:\/\/woostify.com\/demos\/megashop\/?post_type=product&#038;p=1860"},"modified":"2021-05-27T05:04:27","modified_gmt":"2021-05-27T03:04:27","slug":"gamme-de-soin-corporel-babymed","status":"publish","type":"product","link":"https:\/\/sicomex-groupe.facomci.net\/index.php\/product\/gamme-de-soin-corporel-babymed\/","title":{"rendered":"GAMME DE SOIN CORPOREL BABYMED"},"content":{"rendered":"<p>La peau d\u2019un\u00a0<b>b\u00e9b\u00e9\u00a0<\/b>n\u2019a pas encore de film protecteur et subit des agressions quotidiennes. Mais bien hydrat\u00e9e, la peau est plus douce et mieux prot\u00e9g\u00e9e. Exit les produits pour adultes ! Les b\u00e9b\u00e9s ont besoin de soins hydratants sp\u00e9cialement pour eux. Des fluides et\u00a0laits de toilette au pH neutre, avec une formulation qui minimise les risques d\u2019allergie et apportant un confort imm\u00e9diat.\u00a0<i>Le bon geste :<\/i>\u00a0apr\u00e8s le bain ou la toilette, appliquez une noix de<b>\u00a0lait BABYMED<\/b> et les autres produits de la gamme sur son corps, massez d\u00e9licatement jusqu\u2019\u00e0\u00a0ce que la peau ait absorb\u00e9 le produit.<\/p>\n","protected":false},"excerpt":{"rendered":"<ul>\n<li>Enrichi en karit\u00e9, en aloe vera et en allanto\u00efne<\/li>\n<li>Pour une peau douce, prot\u00e9g\u00e9e et hydrat\u00e9e.<\/li>\n<li>Sans paraben<\/li>\n<li>pH NEUTRE<\/li>\n<li>Quantit\u00e9 : 07 produits dans la gamme<\/li>\n<li>Genre: De 0 \u00e0 15ans<\/li>\n<li>Les Adultes peuvent m\u00eame utiliser la gamme pour avoir peau douce de B\u00e9b\u00e9<\/li>\n<\/ul>\n","protected":false},"featured_media":2986,"comment_status":"open","ping_status":"closed","template":"","meta":{"om_disable_all_campaigns":false,"_monsterinsights_skip_tracking":false,"_monsterinsights_sitenote_active":false,"_monsterinsights_sitenote_note":"","_monsterinsights_sitenote_category":0},"class_list":["post-1860","product","type-product","status-publish","has-post-thumbnail","hentry","product_cat-bebe"],"_links":{"self":[{"href":"https:\/\/sicomex-groupe.facomci.net\/index.php\/wp-json\/wp\/v2\/product\/1860","targetHints":{"allow":["GET"]}}],"collection":[{"href":"https:\/\/sicomex-groupe.facomci.net\/index.php\/wp-json\/wp\/v2\/product"}],"about":[{"href":"https:\/\/sicomex-groupe.facomci.net\/index.php\/wp-json\/wp\/v2\/types\/product"}],"replies":[{"embeddable":true,"href":"https:\/\/sicomex-groupe.facomci.net\/index.php\/wp-json\/wp\/v2\/comments?post=1860"}],"wp:featuredmedia":[{"embeddable":true,"href":"https:\/\/sicomex-groupe.facomci.net\/index.php\/wp-json\/wp\/v2\/media\/2986"}],"wp:attachment":[{"href":"https:\/\/sicomex-groupe.facomci.net\/index.php\/wp-json\/wp\/v2\/media?parent=1860"}],"curies":[{"name":"wp","href":"https:\/\/api.w.org\/{rel}","templated":true}]}}