{"id":1858,"date":"2019-09-10T04:14:35","date_gmt":"2019-09-10T02:14:35","guid":{"rendered":"https:\/\/woostify.com\/demos\/megashop\/?post_type=product&#038;p=1858"},"modified":"2021-05-27T05:04:46","modified_gmt":"2021-05-27T03:04:46","slug":"dotted-golden-handbag","status":"publish","type":"product","link":"https:\/\/sicomex-groupe.facomci.net\/index.php\/product\/dotted-golden-handbag\/","title":{"rendered":"Dotted Golden Handbag"},"content":{"rendered":"<p>Ce r\u00e9frig\u00e9rateur NASCO affiche une classe climatique adapt\u00e9e \u00e0 la temp\u00e9rature Ivoirienne, gage de durabilit\u00e9 et de performance\u200e accrue. En effet,\u200e JUMIA CI s\u2019engage \u00e0 vous offrir des produits qui contribuent au confort\u200e\u200e,\u200e\u200e \u00e0 l\u200e\u200e&#8217;\u200e\u200eam\u00e9lioration de la qualit\u00e9 de vie au quotidien \u00e0 l\u2019image de ce r\u00e9frig\u00e9rateur\u00a0<em class=\"-active\"><strong>NASCO<\/strong><\/em>.\u200e\u200e\u200e Engag\u00e9e sur la voie de l\u200e&#8217;\u200einnovation et de l\u200e&#8217;\u200e\u00e9cologie\u200e\u200e,\u200e\u200e\u200e\u00a0<em class=\"-active\"><strong>NASCO<\/strong><\/em>vous propose des produits \u00e9l\u00e9gants\u200e\u200e,\u200e\u200e\u200e performants\u200e\u200e,\u200e\u200e\u200e simples, pratiques et faciles \u00e0 utiliser\u200e\u200e.\u200e<br \/>\n<img loading=\"lazy\" decoding=\"async\" class=\"alignnone size-medium wp-image-2979\" src=\"http:\/\/sicomex-groupe.facomci.net\/wp-content\/uploads\/2019\/09\/1f03a7e721c49c783b8e08702d3134ec-300x229.jpeg\" alt=\"\" width=\"300\" height=\"229\" srcset=\"https:\/\/sicomex-groupe.facomci.net\/wp-content\/uploads\/2019\/09\/1f03a7e721c49c783b8e08702d3134ec-300x229.jpeg 300w, https:\/\/sicomex-groupe.facomci.net\/wp-content\/uploads\/2019\/09\/1f03a7e721c49c783b8e08702d3134ec.jpeg 420w\" sizes=\"auto, (max-width: 300px) 100vw, 300px\" \/><\/p>\n","protected":false},"excerpt":{"rendered":"<ul>\n<li>Type de produit : R\u00e9frig\u00e9rateur<\/li>\n<li>Mod\u00e8le : NASF-09 \/ NASF-09S\/ NASF1-90S<\/li>\n<li>Nombre de porte : 1 Portes<br \/>\nCapacit\u00e9 Net : 70L<\/li>\n<li>Volume net du r\u00e9frig\u00e9rateur : 70 Litres<\/li>\n<li>Classe climatique : ST<\/li>\n<li>R\u00e9frig\u00e9rant : R600a<\/li>\n<li>Tension : 220-240V<\/li>\n<li>Fr\u00e9quence : 50Hz<\/li>\n<li>Contr\u00f4le de la temp\u00e9rature : M\u00e9canique<\/li>\n<li>Classe \u00e9nerg\u00e9tique : A<\/li>\n<li>Dimensions : 445 x 470 x 676 mm<\/li>\n<li>Poids : 23 Kg<\/li>\n<li><strong><em>NB : Cet article n&#8217;est pas recommand\u00e9 pour une utilisation professionnelle<\/em><\/strong><\/li>\n<\/ul>\n","protected":false},"featured_media":2976,"comment_status":"open","ping_status":"closed","template":"","meta":{"om_disable_all_campaigns":false,"_monsterinsights_skip_tracking":false,"_monsterinsights_sitenote_active":false,"_monsterinsights_sitenote_note":"","_monsterinsights_sitenote_category":0},"class_list":["post-1858","product","type-product","status-publish","has-post-thumbnail","hentry","product_cat-electromenager","product_tag-decoration","product_tag-desk"],"_links":{"self":[{"href":"https:\/\/sicomex-groupe.facomci.net\/index.php\/wp-json\/wp\/v2\/product\/1858","targetHints":{"allow":["GET"]}}],"collection":[{"href":"https:\/\/sicomex-groupe.facomci.net\/index.php\/wp-json\/wp\/v2\/product"}],"about":[{"href":"https:\/\/sicomex-groupe.facomci.net\/index.php\/wp-json\/wp\/v2\/types\/product"}],"replies":[{"embeddable":true,"href":"https:\/\/sicomex-groupe.facomci.net\/index.php\/wp-json\/wp\/v2\/comments?post=1858"}],"wp:featuredmedia":[{"embeddable":true,"href":"https:\/\/sicomex-groupe.facomci.net\/index.php\/wp-json\/wp\/v2\/media\/2976"}],"wp:attachment":[{"href":"https:\/\/sicomex-groupe.facomci.net\/index.php\/wp-json\/wp\/v2\/media?parent=1858"}],"curies":[{"name":"wp","href":"https:\/\/api.w.org\/{rel}","templated":true}]}}