{"id":1856,"date":"2019-09-10T04:08:32","date_gmt":"2019-09-10T02:08:32","guid":{"rendered":"https:\/\/woostify.com\/demos\/megashop\/?post_type=product&#038;p=1856"},"modified":"2021-05-27T05:05:06","modified_gmt":"2021-05-27T03:05:06","slug":"nasco-gaziniere-4-feux-50-x-50-cm-couverture-vitre-noir","status":"publish","type":"product","link":"https:\/\/sicomex-groupe.facomci.net\/index.php\/product\/nasco-gaziniere-4-feux-50-x-50-cm-couverture-vitre-noir\/","title":{"rendered":"Nasco Gaziniere &#8211; 4 Feux &#8211; 50 X 50 Cm &#8211; Couverture Vitre &#8211; Noir"},"content":{"rendered":"<p><em>De la cuisson de vos recettes pr\u00e9f\u00e9r\u00e9es \u00e0 la\u00a0conception de\u00a0gateaux pour toute la famille, la gamme de gazini\u00e8re Nasco y allient style et performance pour vous accompagner dans la r\u00e9alisation de vos r\u00e9cettes\u00a0au quotidien.<\/em><\/p>\n","protected":false},"excerpt":{"rendered":"<ul>\n<li>Type de Produit : Gazini\u00e8re<\/li>\n<li>Mod\u00e8le : NASGC-SNIPER50S<\/li>\n<li>Nombre de feux : 4<\/li>\n<li>Mati\u00e8re : Acier inoxydable<\/li>\n<li>Grille en fonte<\/li>\n<li>Dimensions : 50 x 50 cm<\/li>\n<\/ul>\n","protected":false},"featured_media":3000,"comment_status":"open","ping_status":"closed","template":"","meta":{"om_disable_all_campaigns":false,"_monsterinsights_skip_tracking":false,"_monsterinsights_sitenote_active":false,"_monsterinsights_sitenote_note":"","_monsterinsights_sitenote_category":0},"class_list":["post-1856","product","type-product","status-publish","has-post-thumbnail","hentry","product_cat-electromenager"],"_links":{"self":[{"href":"https:\/\/sicomex-groupe.facomci.net\/index.php\/wp-json\/wp\/v2\/product\/1856","targetHints":{"allow":["GET"]}}],"collection":[{"href":"https:\/\/sicomex-groupe.facomci.net\/index.php\/wp-json\/wp\/v2\/product"}],"about":[{"href":"https:\/\/sicomex-groupe.facomci.net\/index.php\/wp-json\/wp\/v2\/types\/product"}],"replies":[{"embeddable":true,"href":"https:\/\/sicomex-groupe.facomci.net\/index.php\/wp-json\/wp\/v2\/comments?post=1856"}],"wp:featuredmedia":[{"embeddable":true,"href":"https:\/\/sicomex-groupe.facomci.net\/index.php\/wp-json\/wp\/v2\/media\/3000"}],"wp:attachment":[{"href":"https:\/\/sicomex-groupe.facomci.net\/index.php\/wp-json\/wp\/v2\/media?parent=1856"}],"curies":[{"name":"wp","href":"https:\/\/api.w.org\/{rel}","templated":true}]}}