{"id":112,"date":"2018-10-18T02:27:42","date_gmt":"2018-10-18T00:27:42","guid":{"rendered":"https:\/\/woostify.com\/demos\/fashion1\/?post_type=product&#038;p=112"},"modified":"2023-01-07T02:20:35","modified_gmt":"2023-01-07T01:20:35","slug":"smart-technology-fer-a-vapeur-professionnel-stpfr-3000-130-ml-bleu-blanc-3-mois-garantie","status":"publish","type":"product","link":"https:\/\/sicomex-groupe.facomci.net\/index.php\/product\/smart-technology-fer-a-vapeur-professionnel-stpfr-3000-130-ml-bleu-blanc-3-mois-garantie\/","title":{"rendered":"SMART TECHNOLOGY Fer \u00e0 Vapeur Professionnel &#8211; STPFR-3000 &#8211; 130 Ml &#8211; Bleu\/Blanc &#8211; 3 Mois Garantie"},"content":{"rendered":"<div class=\"woocommerce-product-details__short-description\">\n<p>Le fer \u00e0 repasser SMART TECHNOLOGY est un fer vapeur moderne au design raffin\u00e9. Il est \u00e9quip\u00e9 d&#8217;une\u00a0semelle ultra pratique\u00a0qui prendra soin de tous vos v\u00eatements dans l&#8217;unique but de vous garantir un r\u00e9sultat impeccable.<\/p>\n<p>Avec un\u00a0d\u00e9bit de vapeur assez impressionnant et la possibilit\u00e9 de booster ce d\u00e9bit, ce fer \u00e0 repasser obtient \u00e0 chaque fois des r\u00e9sultats impeccables, m\u00eame sur les textiles tr\u00e8s froiss\u00e9s. La vapeur permet de pr\u00e9parer le linge au passage du fer afin de le d\u00e9froisser en douceur, sans l\u2019ab\u00eemer.<\/p>\n<p>Sa fonction de repassage vertical vous permet de donner un petit coup de fra\u00eecheur \u00e0 vos v\u00eatements sur cintre, ce que vous ne retrouverez pas sur les fers \u00e0 repasser ordinaires. La vapeur viendra \u00e0 bout des plis et des odeurs incrust\u00e9es dans les fibres du textile.<\/p>\n<p>Exigez toujours la qualit\u00e9, soyez\u00a0<b>SMART TECHNOLOGY<\/b>&#8230;<\/p>\n<\/div>\n","protected":false},"excerpt":{"rendered":"<ul>\n<li>Garantie: 3 mois<\/li>\n<li>Type de produit : Fer \u00e0 Vapeur<\/li>\n<li>Mod\u00e8le : STPFR-3000<\/li>\n<li>Multi Usage : Sec \/ Pulv\u00e9risation \/ Vapeur<\/li>\n<li>Vapeur en Continue<\/li>\n<li>Plaque Non-Stick<\/li>\n<li>Contr\u00f4le du thermostat<\/li>\n<li>Indicateur De Temp\u00e9rature<\/li>\n<li>Economie d\u2019\u00e9nergie<\/li>\n<li>Repassage \u00e0 vapeur (Classique et Vertical)<\/li>\n<li>Facile \u00e0 manipuler<\/li>\n<li>Tension : 230 V<\/li>\n<li>Fr\u00e9quence : 50\/60Hz<\/li>\n<li>Puissance : 1600 W<\/li>\n<li>Semelle : M\u00e9tal antiadh\u00e9sive<\/li>\n<li>Capacit\u00e9 r\u00e9servoir : 130 ml<\/li>\n<li>Poids: 1.00 Kg<\/li>\n<\/ul>\n","protected":false},"featured_media":2994,"comment_status":"open","ping_status":"closed","template":"","meta":{"om_disable_all_campaigns":false,"_monsterinsights_skip_tracking":false,"_monsterinsights_sitenote_active":false,"_monsterinsights_sitenote_note":"","_monsterinsights_sitenote_category":0},"class_list":["post-112","product","type-product","status-publish","has-post-thumbnail","hentry","product_cat-electromenager"],"_links":{"self":[{"href":"https:\/\/sicomex-groupe.facomci.net\/index.php\/wp-json\/wp\/v2\/product\/112","targetHints":{"allow":["GET"]}}],"collection":[{"href":"https:\/\/sicomex-groupe.facomci.net\/index.php\/wp-json\/wp\/v2\/product"}],"about":[{"href":"https:\/\/sicomex-groupe.facomci.net\/index.php\/wp-json\/wp\/v2\/types\/product"}],"replies":[{"embeddable":true,"href":"https:\/\/sicomex-groupe.facomci.net\/index.php\/wp-json\/wp\/v2\/comments?post=112"}],"wp:featuredmedia":[{"embeddable":true,"href":"https:\/\/sicomex-groupe.facomci.net\/index.php\/wp-json\/wp\/v2\/media\/2994"}],"wp:attachment":[{"href":"https:\/\/sicomex-groupe.facomci.net\/index.php\/wp-json\/wp\/v2\/media?parent=112"}],"curies":[{"name":"wp","href":"https:\/\/api.w.org\/{rel}","templated":true}]}}