{"id":110,"date":"2018-10-18T02:24:20","date_gmt":"2018-10-18T00:24:20","guid":{"rendered":"https:\/\/woostify.com\/demos\/fashion1\/?post_type=product&#038;p=110"},"modified":"2021-05-27T05:06:39","modified_gmt":"2021-05-27T03:06:39","slug":"smiley-mini-paquet-de-couches-bebe-taille-2-15-couches-3-5-kg","status":"publish","type":"product","link":"https:\/\/sicomex-groupe.facomci.net\/index.php\/product\/smiley-mini-paquet-de-couches-bebe-taille-2-15-couches-3-5-kg\/","title":{"rendered":"Smiley Mini Paquet de Couches B\u00e9b\u00e9 &#8211; Taille 2 &#8211; 15 Couches (3 &#8211; 5 kg)"},"content":{"rendered":"<div class=\"woocommerce-product-details__short-description\">\n<p><strong>Aussi douces comme de la soie<\/strong><br \/>\nVoulez-vous le meilleurs pour votre bout Chou ?<br \/>\ncommandez nos\u00a0couches\u00a0de\u00a0qualit\u00e9s\u00a0qui ne fera que renforcer le confort et le bien-\u00eatre de votre bb.<br \/>\nDes canaux absorbants qui aident \u00e0 r\u00e9partir l\u2019humidit\u00e9 uniform\u00e9ment pour offrir la meilleure absorption.<br \/>\nV\u00f4tre enfant sera toujours \u00e0 son aise avec les couches de qualit\u00e9.<\/p>\n<\/div>\n","protected":false},"excerpt":{"rendered":"<ul>\n<li>Type de produit : Couches De B\u00e9b\u00e9s<\/li>\n<li>Mat\u00e9riau : Matelas en coton tr\u00e8s doux<\/li>\n<li>Nombre Total : 15 couches<\/li>\n<li>Taille : 2 (3 \u00e0 5kg)<\/li>\n<li>Particularit\u00e9s : Absorption rapide grace \u00e0 un fond ultra absorbant, 2 Barri\u00e8res antifuites, Fermetures scratch s\u00e9curis\u00e9<\/li>\n<li>Poids : 0.975 Kg<\/li>\n<\/ul>\n","protected":false},"featured_media":2983,"comment_status":"open","ping_status":"closed","template":"","meta":{"om_disable_all_campaigns":false,"_monsterinsights_skip_tracking":false,"_monsterinsights_sitenote_active":false,"_monsterinsights_sitenote_note":"","_monsterinsights_sitenote_category":0},"class_list":["post-110","product","type-product","status-publish","has-post-thumbnail","hentry","product_cat-bebe"],"_links":{"self":[{"href":"https:\/\/sicomex-groupe.facomci.net\/index.php\/wp-json\/wp\/v2\/product\/110","targetHints":{"allow":["GET"]}}],"collection":[{"href":"https:\/\/sicomex-groupe.facomci.net\/index.php\/wp-json\/wp\/v2\/product"}],"about":[{"href":"https:\/\/sicomex-groupe.facomci.net\/index.php\/wp-json\/wp\/v2\/types\/product"}],"replies":[{"embeddable":true,"href":"https:\/\/sicomex-groupe.facomci.net\/index.php\/wp-json\/wp\/v2\/comments?post=110"}],"wp:featuredmedia":[{"embeddable":true,"href":"https:\/\/sicomex-groupe.facomci.net\/index.php\/wp-json\/wp\/v2\/media\/2983"}],"wp:attachment":[{"href":"https:\/\/sicomex-groupe.facomci.net\/index.php\/wp-json\/wp\/v2\/media?parent=110"}],"curies":[{"name":"wp","href":"https:\/\/api.w.org\/{rel}","templated":true}]}}