{"id":109,"date":"2018-10-18T02:22:19","date_gmt":"2018-10-18T00:22:19","guid":{"rendered":"https:\/\/woostify.com\/demos\/fashion1\/?post_type=product&#038;p=109"},"modified":"2021-05-27T05:06:50","modified_gmt":"2021-05-27T03:06:50","slug":"aya-bouteille-dhuile-sans-cholesterol-3-litres","status":"publish","type":"product","link":"https:\/\/sicomex-groupe.facomci.net\/index.php\/product\/aya-bouteille-dhuile-sans-cholesterol-3-litres\/","title":{"rendered":"Aya Bouteille D&#8217;huile &#8211; Sans cholest\u00e9rol &#8211; 3 litres"},"content":{"rendered":"<div class=\"woocommerce-product-details__short-description\">\n<h3><em>Une huile l\u00e9g\u00e8re et digeste<\/em><\/h3>\n<p><em>Aya est une huile de cuisson, assaisonnement et friture saine pour la sant\u00e9 cardiaque et des repas savoureux. Elle ne contient pas de cholest\u00e9rol mais contient\u00a0 des om\u00e9ga 6 et 9 qui ont fait leurs preuves pour garder votre c\u0153ur en sant\u00e9. Elle est triple filtr\u00e9 pour offrir une couleur dor\u00e9e sup\u00e9rieure et assure l\u2019\u00e9limination de toutes les impuret\u00e9s ainsi 100% Pure.\u00a0L\u2019huile v\u00e9g\u00e9tale Aya est un choix sain pour votre cuisine quotidienne car elle contient \u00e9galement des vitamines A et E, qui procurent des bienfaits importants pour la sant\u00e9 de toute la famille.\u00a0<\/em><\/p>\n<\/div>\n","protected":false},"excerpt":{"rendered":"<ul>\n<li>Type de produit : Huile<\/li>\n<li>Capacit\u00e9 : 3 L<\/li>\n<li>Particularit\u00e9 : L\u00e9g\u00e8re et digeste<\/li>\n<li>Quantit\u00e9 : 1<\/li>\n<\/ul>\n","protected":false},"featured_media":2962,"comment_status":"open","ping_status":"closed","template":"","meta":{"om_disable_all_campaigns":false,"_monsterinsights_skip_tracking":false,"_monsterinsights_sitenote_active":false,"_monsterinsights_sitenote_note":"","_monsterinsights_sitenote_category":0},"class_list":["post-109","product","type-product","status-publish","has-post-thumbnail","hentry","product_cat-agroalimentaires"],"_links":{"self":[{"href":"https:\/\/sicomex-groupe.facomci.net\/index.php\/wp-json\/wp\/v2\/product\/109","targetHints":{"allow":["GET"]}}],"collection":[{"href":"https:\/\/sicomex-groupe.facomci.net\/index.php\/wp-json\/wp\/v2\/product"}],"about":[{"href":"https:\/\/sicomex-groupe.facomci.net\/index.php\/wp-json\/wp\/v2\/types\/product"}],"replies":[{"embeddable":true,"href":"https:\/\/sicomex-groupe.facomci.net\/index.php\/wp-json\/wp\/v2\/comments?post=109"}],"wp:featuredmedia":[{"embeddable":true,"href":"https:\/\/sicomex-groupe.facomci.net\/index.php\/wp-json\/wp\/v2\/media\/2962"}],"wp:attachment":[{"href":"https:\/\/sicomex-groupe.facomci.net\/index.php\/wp-json\/wp\/v2\/media?parent=109"}],"curies":[{"name":"wp","href":"https:\/\/api.w.org\/{rel}","templated":true}]}}