{"id":107,"date":"2018-10-18T02:19:00","date_gmt":"2018-10-18T00:19:00","guid":{"rendered":"https:\/\/woostify.com\/demos\/fashion1\/?post_type=product&#038;p=107"},"modified":"2021-05-27T05:07:03","modified_gmt":"2021-05-27T03:07:03","slug":"kirene-eau-minerale-naturelle-5l-x-4-pompe","status":"publish","type":"product","link":"https:\/\/sicomex-groupe.facomci.net\/index.php\/product\/kirene-eau-minerale-naturelle-5l-x-4-pompe\/","title":{"rendered":"Kir\u00e8ne EAU MINERALE NATURELLE 5L X 4 + POMPE"},"content":{"rendered":"<div class=\"woocommerce-product-details__short-description\">\n<p class=\"sujet0\">L\u2019eau min\u00e9rale Kir\u00e8ne est riche en calcium, en magn\u00e9sium et en bicarbonate. Elle est parfaitement \u00e9quilibr\u00e9e de par sa teneur en composants min\u00e9raux. Douce et digeste, Kir\u00e8ne est fortement recommand\u00e9e pour la sant\u00e9 de toute la famille, des nourrissons aux personnes \u00e2g\u00e9es en passant par les femmes enceintes et allaitantes. Kir\u00e8ne est embouteill\u00e9e \u00e0 la source et contr\u00f4l\u00e9e quotidiennement pour offrir, \u00e0 tous, les bienfaits d\u2019une eau pure, \u00e9quilibr\u00e9e, l\u00e9g\u00e8re et riche en sels min\u00e9raux n\u00e9cessaires \u00e0 l\u2019organisme.<\/p>\n<\/div>\n","protected":false},"excerpt":{"rendered":"<p>L\u2019eau min\u00e9rale Kir\u00e8ne est riche en calcium, en magn\u00e9sium et en bicarbonate. Elle est parfaitement \u00e9quilibr\u00e9e de par sa teneur en composants min\u00e9raux. Douce et digeste, Kir\u00e8ne est fortement recommand\u00e9e pour la sant\u00e9 de toute la famille, des nourrissons aux personnes \u00e2g\u00e9es en passant par les femmes enceintes et allaitantes&#8230;.<\/p>\n","protected":false},"featured_media":2955,"comment_status":"open","ping_status":"closed","template":"","meta":{"om_disable_all_campaigns":false,"_monsterinsights_skip_tracking":false,"_monsterinsights_sitenote_active":false,"_monsterinsights_sitenote_note":"","_monsterinsights_sitenote_category":0},"class_list":["post-107","product","type-product","status-publish","has-post-thumbnail","hentry","product_cat-agroalimentaires"],"_links":{"self":[{"href":"https:\/\/sicomex-groupe.facomci.net\/index.php\/wp-json\/wp\/v2\/product\/107","targetHints":{"allow":["GET"]}}],"collection":[{"href":"https:\/\/sicomex-groupe.facomci.net\/index.php\/wp-json\/wp\/v2\/product"}],"about":[{"href":"https:\/\/sicomex-groupe.facomci.net\/index.php\/wp-json\/wp\/v2\/types\/product"}],"replies":[{"embeddable":true,"href":"https:\/\/sicomex-groupe.facomci.net\/index.php\/wp-json\/wp\/v2\/comments?post=107"}],"wp:featuredmedia":[{"embeddable":true,"href":"https:\/\/sicomex-groupe.facomci.net\/index.php\/wp-json\/wp\/v2\/media\/2955"}],"wp:attachment":[{"href":"https:\/\/sicomex-groupe.facomci.net\/index.php\/wp-json\/wp\/v2\/media?parent=107"}],"curies":[{"name":"wp","href":"https:\/\/api.w.org\/{rel}","templated":true}]}}